{"id":77,"date":"2024-09-10T07:21:46","date_gmt":"2024-09-10T07:21:46","guid":{"rendered":"https:\/\/so-rk.dk\/?page_id=77"},"modified":"2024-09-10T07:49:41","modified_gmt":"2024-09-10T07:49:41","slug":"priser-for-typer-af-undervisning","status":"publish","type":"page","link":"https:\/\/so-rk.dk\/index.php\/priser-for-typer-af-undervisning\/","title":{"rendered":"Priser for typer af undervisning."},"content":{"rendered":"\n<figure class=\"wp-block-table\"><table class=\"has-fixed-layout\"><tbody><tr><td><strong>Medlemskab <\/strong>18+<\/td><td>450 kroner \u00e5rligt<\/td><\/tr><tr><td><strong>Medlemskab <\/strong>under 18<\/td><td>300 Kroner \u00e5rligt<\/td><\/tr><tr><td><strong>Undervisning p\u00e5 Rideskole hest<\/strong><\/td><td>30 minutter pr uge <br>300 kroner pr m\u00e5ned<\/td><\/tr><tr><td><strong>Undervisning p\u00e5 Rideskole hest<\/strong><\/td><td>60 minutter pr uge<br>350 kroner pr m\u00e5ned<\/td><\/tr><tr><td><strong>Undervisning p\u00e5 egen hest<\/strong><\/td><td>30 minutter pr uge <br>250 kroner pr m\u00e5ned<\/td><\/tr><tr><td><strong>Undervisning p\u00e5 egen hest<\/strong><\/td><td>60 minutter pr uge<br>300 kroner pr m\u00e5ned<\/td><\/tr><tr><td><strong>Undervisning p\u00e5 k\u00e6phest<\/strong><\/td><td>30 minutter pr uge <br>100 kroner pr m\u00e5ned<\/td><\/tr><tr><td><strong>Medlemskab ved kun k\u00e6phest<\/strong><\/td><td>150 kroner \u00e5rligt<\/td><\/tr><\/tbody><\/table><\/figure>\n\n\n\n<div class=\"wp-block-group alignfull has-base-color has-contrast-background-color has-text-color has-background has-global-padding is-layout-constrained wp-container-core-group-is-layout-ef3d885c wp-block-group-is-layout-constrained\" style=\"margin-top:0;margin-bottom:0;padding-top:var(--wp--preset--spacing--60);padding-right:var(--wp--preset--spacing--60);padding-bottom:var(--wp--preset--spacing--60);padding-left:var(--wp--preset--spacing--60)\">\n<div class=\"wp-block-group has-global-padding is-layout-constrained wp-block-group-is-layout-constrained\">\n<p class=\"has-text-align-center has-base-color has-text-color has-heading-font-family has-x-large-font-size\" style=\"line-height:1.2\">Hvis der er andre typer af undervisning, der kunne v\u00e6re noget man kunne t\u00e6nke sig, g\u00e5 til kontakt siden og kom med en forsp\u00f8rgelse.<\/p>\n\n\n\n<div style=\"height:var(--wp--preset--spacing--10)\" aria-hidden=\"true\" class=\"wp-block-spacer\"><\/div>\n<\/div>\n<\/div>\n\n\n\n<p><\/p>\n","protected":false},"excerpt":{"rendered":"<p>Medlemskab 18+ 450 kroner \u00e5rligt Medlemskab under 18 300 Kroner \u00e5rligt Undervisning p\u00e5 Rideskole hest 30 minutter pr uge 300 kroner pr m\u00e5ned Undervisning p\u00e5 Rideskole hest 60 minutter pr uge350 kroner pr m\u00e5ned Undervisning p\u00e5 egen hest 30 minutter pr uge 250 kroner pr m\u00e5ned Undervisning p\u00e5 egen hest 60 minutter pr uge300 kroner [&hellip;]<\/p>\n","protected":false},"author":1,"featured_media":0,"parent":0,"menu_order":0,"comment_status":"closed","ping_status":"closed","template":"","meta":{"footnotes":""},"class_list":["post-77","page","type-page","status-publish","hentry"],"_links":{"self":[{"href":"https:\/\/so-rk.dk\/index.php\/wp-json\/wp\/v2\/pages\/77","targetHints":{"allow":["GET"]}}],"collection":[{"href":"https:\/\/so-rk.dk\/index.php\/wp-json\/wp\/v2\/pages"}],"about":[{"href":"https:\/\/so-rk.dk\/index.php\/wp-json\/wp\/v2\/types\/page"}],"author":[{"embeddable":true,"href":"https:\/\/so-rk.dk\/index.php\/wp-json\/wp\/v2\/users\/1"}],"replies":[{"embeddable":true,"href":"https:\/\/so-rk.dk\/index.php\/wp-json\/wp\/v2\/comments?post=77"}],"version-history":[{"count":4,"href":"https:\/\/so-rk.dk\/index.php\/wp-json\/wp\/v2\/pages\/77\/revisions"}],"predecessor-version":[{"id":82,"href":"https:\/\/so-rk.dk\/index.php\/wp-json\/wp\/v2\/pages\/77\/revisions\/82"}],"wp:attachment":[{"href":"https:\/\/so-rk.dk\/index.php\/wp-json\/wp\/v2\/media?parent=77"}],"curies":[{"name":"wp","href":"https:\/\/api.w.org\/{rel}","templated":true}]}}