{"id":3,"date":"2024-05-02T18:47:49","date_gmt":"2024-05-02T18:47:49","guid":{"rendered":"https:\/\/so-rk.dk\/?page_id=3"},"modified":"2024-06-24T18:39:32","modified_gmt":"2024-06-24T18:39:32","slug":"privacy-policy","status":"publish","type":"page","link":"https:\/\/so-rk.dk\/index.php\/privacy-policy\/","title":{"rendered":"Privatlivs politik"},"content":{"rendered":"\n<h3 class=\"wp-block-heading\">Hvem vi er<\/h3>\n\n\n\n<p>Vores webstedsadresse er: <a href=\"https:\/\/so-rk.dk\">https:\/\/so-rk.dk<\/a>.<\/p>\n\n\n\n<h3 class=\"wp-block-heading\">Kommentarer<\/h3>\n\n\n\n<h5 class=\"wp-block-heading\">N\u00e5r bes\u00f8gende efterlader kommentarer p\u00e5 siden, indsamler vi de data, der vises i kommentarformularen, samt bes\u00f8gendes IP-adresse og browserens brugeragentstreng for at hj\u00e6lpe med at opdage spam.<\/h5>\n\n\n\n<p>En anonymiseret streng oprettet fra din e-mailadresse (ogs\u00e5 kaldet en hash) kan blive leveret til Gravatar-tjenesten for at se, om du bruger den. Gravatar-tjenestens privatlivspolitik er tilg\u00e6ngelig her: <a href=\"https:\/\/automattic.com\/privacy\/\">https:\/\/automattic.com\/privacy\/<\/a>. Efter godkendelse af din kommentar vil dit profilbillede v\u00e6re synligt for offentligheden i forbindelse med din kommentar.<\/p>\n\n\n\n<h3 class=\"wp-block-heading\">Media<\/h3>\n\n\n\n<p><\/p>\n\n\n\n<p>Hvis du uploader billeder til webstedet, b\u00f8r du undg\u00e5 at uploade billeder med indlejrede lokalitetsdata (EXIF GPS) inkluderet. Bes\u00f8gende p\u00e5 webstedet kan downloade og udtr\u00e6kke alle lokalitetsdata fra billeder p\u00e5 webstedet.<\/p>\n\n\n\n<h3 class=\"wp-block-heading\">Cookies<\/h3>\n\n\n\n<p>Hvis du efterlader en kommentar p\u00e5 vores side, kan du v\u00e6lge at gemme dit navn, din e-mailadresse og dit websted i cookies. Disse er for din bekvemmelighed, s\u00e5 du ikke beh\u00f8ver at udfylde dine oplysninger igen, n\u00e5r du efterlader en anden kommentar. Disse cookies varer i et \u00e5r.<\/p>\n\n\n\n<p>Hvis du bes\u00f8ger vores login-side, opretter vi en midlertidig cookie for at afg\u00f8re, om din browser accepterer cookies. Denne cookie indeholder ingen personlige data og kasseres, n\u00e5r du lukker din browser.<\/p>\n\n\n\n<p>N\u00e5r du logger ind, opretter vi ogs\u00e5 flere cookies for at gemme dine loginoplysninger og dine sk\u00e6rmvisningsvalg. Login-cookies varer i to dage, og sk\u00e6rmvalgmuligheder-cookies varer i et \u00e5r. Hvis du v\u00e6lger &#8220;Husk mig&#8221;, vil dit login vare i to uger. Hvis du logger ud af din konto, vil login-cookies blive fjernet.<\/p>\n\n\n\n<p>Hvis du redigerer eller udgiver en artikel, vil en yderligere cookie blive gemt i din browser. Denne cookie indeholder ingen personlige data og angiver blot post-ID&#8217;et for den artikel, du lige har redigeret. Den udl\u00f8ber efter 1 dag.<\/p>\n\n\n\n<h3 class=\"wp-block-heading\">Indlejret indhold fra andre websteder<\/h3>\n\n\n\n<p>Artikler p\u00e5 denne side kan indeholde indlejret indhold (f.eks. videoer, billeder, artikler osv.). Indlejret indhold fra andre websteder opf\u00f8rer sig p\u00e5 pr\u00e6cis samme m\u00e5de, som hvis den bes\u00f8gende har bes\u00f8gt det andet websted.<\/p>\n\n\n\n<p>Disse websteder kan indsamle data om dig, bruge cookies, indlejre yderligere tredjepartssporing og overv\u00e5ge din interaktion med det indlejrede indhold, herunder spore din interaktion med det indlejrede indhold, hvis du har en konto og er logget ind p\u00e5 det websted.<\/p>\n\n\n\n<h3 class=\"wp-block-heading\">Hvem vi deler dine data med<\/h3>\n\n\n\n<p>Hvis du anmoder om en nulstilling af adgangskoden, vil din IP-adresse blive inkluderet i nulstillings-e-mailen.<\/p>\n\n\n\n<h3 class=\"wp-block-heading\">Hvor l\u00e6nge vi opbevarer dine data<\/h3>\n\n\n\n<p>Hvis du efterlader en kommentar, opbevares kommentaren og dens metadata p\u00e5 ubestemt tid. Dette er, s\u00e5 vi kan genkende og godkende eventuelle opf\u00f8lgende kommentarer automatisk i stedet for at holde dem i en moderationsk\u00f8.<\/p>\n\n\n\n<p>For brugere, der registrerer sig p\u00e5 vores websted (hvis nogen), gemmer vi ogs\u00e5 de personlige oplysninger, de angiver i deres brugerprofil. Alle brugere kan se, redigere eller slette deres personlige oplysninger til enhver tid (bortset fra at de ikke kan \u00e6ndre deres brugernavn). Webstedsadministratorer kan ogs\u00e5 se og redigere disse oplysninger.<\/p>\n\n\n\n<h3 class=\"wp-block-heading\">Hvilke rettigheder du har over dine data<\/h3>\n\n\n\n<p>Hvis du har en konto p\u00e5 dette websted, eller har efterladt kommentarer, kan du anmode om at modtage en eksporteret fil af de personlige data, vi har om dig, inklusive alle data, du har givet os. Du kan ogs\u00e5 anmode om, at vi sletter alle personlige data, vi har om dig. Dette inkluderer ikke data, vi er forpligtet til at opbevare af administrative, juridiske eller sikkerhedsm\u00e6ssige \u00e5rsager.<\/p>\n\n\n\n<h3 class=\"wp-block-heading\">Hvor dine data sendes hen<\/h3>\n\n\n\n<p>Bes\u00f8gendes kommentarer kan blive kontrolleret gennem en automatiseret spam-detektionstjeneste.<\/p>\n","protected":false},"excerpt":{"rendered":"<p>Hvem vi er Vores webstedsadresse er: https:\/\/so-rk.dk. Kommentarer N\u00e5r bes\u00f8gende efterlader kommentarer p\u00e5 siden, indsamler vi de data, der vises i kommentarformularen, samt bes\u00f8gendes IP-adresse og browserens brugeragentstreng for at hj\u00e6lpe med at opdage spam. En anonymiseret streng oprettet fra din e-mailadresse (ogs\u00e5 kaldet en hash) kan blive leveret til Gravatar-tjenesten for at se, om [&hellip;]<\/p>\n","protected":false},"author":1,"featured_media":0,"parent":0,"menu_order":0,"comment_status":"closed","ping_status":"open","template":"","meta":{"footnotes":""},"class_list":["post-3","page","type-page","status-publish","hentry"],"_links":{"self":[{"href":"https:\/\/so-rk.dk\/index.php\/wp-json\/wp\/v2\/pages\/3","targetHints":{"allow":["GET"]}}],"collection":[{"href":"https:\/\/so-rk.dk\/index.php\/wp-json\/wp\/v2\/pages"}],"about":[{"href":"https:\/\/so-rk.dk\/index.php\/wp-json\/wp\/v2\/types\/page"}],"author":[{"embeddable":true,"href":"https:\/\/so-rk.dk\/index.php\/wp-json\/wp\/v2\/users\/1"}],"replies":[{"embeddable":true,"href":"https:\/\/so-rk.dk\/index.php\/wp-json\/wp\/v2\/comments?post=3"}],"version-history":[{"count":1,"href":"https:\/\/so-rk.dk\/index.php\/wp-json\/wp\/v2\/pages\/3\/revisions"}],"predecessor-version":[{"id":46,"href":"https:\/\/so-rk.dk\/index.php\/wp-json\/wp\/v2\/pages\/3\/revisions\/46"}],"wp:attachment":[{"href":"https:\/\/so-rk.dk\/index.php\/wp-json\/wp\/v2\/media?parent=3"}],"curies":[{"name":"wp","href":"https:\/\/api.w.org\/{rel}","templated":true}]}}