{"id":2,"date":"2024-05-02T18:47:49","date_gmt":"2024-05-02T18:47:49","guid":{"rendered":"https:\/\/so-rk.dk\/?page_id=2"},"modified":"2025-08-18T17:36:37","modified_gmt":"2025-08-18T17:36:37","slug":"kontakt","status":"publish","type":"page","link":"https:\/\/so-rk.dk\/index.php\/kontakt\/","title":{"rendered":"Kontakt."},"content":{"rendered":"\n<p>Her under kan man se hvem man skal tage kontakt til, hvis man gerne vil pr\u00f8ve at komme til undervisning. <\/p>\n\n\n\n<p>Eller hvis man gerne vil meldes ind i klubben, eller hvis man bare har nogle sp\u00f8rgsm\u00e5l.<\/p>\n\n\n\n<p><\/p>\n\n\n\n<blockquote class=\"wp-block-quote is-layout-flow wp-block-quote-is-layout-flow\">\n<p>For at pr\u00f8ve en undervisning kontakt venligst en fra bestyrelsen.<\/p>\n\n\n\n<p>Kristine   p\u00e5 28455373<\/p>\n\n\n\n<p>Pia          p\u00e5 22451900<\/p>\n\n\n\n<p>Mette      p\u00e5 42684338<\/p>\n\n\n\n<p>Nadja p\u00e5 53356361<\/p>\n<\/blockquote>\n\n\n\n<p><\/p>\n\n\n\n<blockquote class=\"wp-block-quote is-layout-flow wp-block-quote-is-layout-flow\">\n<p><\/p>\n<\/blockquote>\n\n\n\n<p><\/p>\n","protected":false},"excerpt":{"rendered":"<p>Her under kan man se hvem man skal tage kontakt til, hvis man gerne vil pr\u00f8ve at komme til undervisning. Eller hvis man gerne vil meldes ind i klubben, eller hvis man bare har nogle sp\u00f8rgsm\u00e5l. For at pr\u00f8ve en undervisning kontakt venligst en fra bestyrelsen. Kristine p\u00e5 28455373 Pia p\u00e5 22451900 Mette p\u00e5 42684338 [&hellip;]<\/p>\n","protected":false},"author":1,"featured_media":0,"parent":0,"menu_order":0,"comment_status":"closed","ping_status":"open","template":"","meta":{"footnotes":""},"class_list":["post-2","page","type-page","status-publish","hentry"],"_links":{"self":[{"href":"https:\/\/so-rk.dk\/index.php\/wp-json\/wp\/v2\/pages\/2","targetHints":{"allow":["GET"]}}],"collection":[{"href":"https:\/\/so-rk.dk\/index.php\/wp-json\/wp\/v2\/pages"}],"about":[{"href":"https:\/\/so-rk.dk\/index.php\/wp-json\/wp\/v2\/types\/page"}],"author":[{"embeddable":true,"href":"https:\/\/so-rk.dk\/index.php\/wp-json\/wp\/v2\/users\/1"}],"replies":[{"embeddable":true,"href":"https:\/\/so-rk.dk\/index.php\/wp-json\/wp\/v2\/comments?post=2"}],"version-history":[{"count":6,"href":"https:\/\/so-rk.dk\/index.php\/wp-json\/wp\/v2\/pages\/2\/revisions"}],"predecessor-version":[{"id":100,"href":"https:\/\/so-rk.dk\/index.php\/wp-json\/wp\/v2\/pages\/2\/revisions\/100"}],"wp:attachment":[{"href":"https:\/\/so-rk.dk\/index.php\/wp-json\/wp\/v2\/media?parent=2"}],"curies":[{"name":"wp","href":"https:\/\/api.w.org\/{rel}","templated":true}]}}